{"id":311,"date":"2026-04-01T12:32:23","date_gmt":"2026-04-01T10:32:23","guid":{"rendered":"https:\/\/hervebouhnik.com\/index.php\/galeries\/"},"modified":"2026-04-01T12:32:23","modified_gmt":"2026-04-01T10:32:23","slug":"galeries","status":"publish","type":"page","link":"https:\/\/hervebouhnik.com\/index.php\/galeries\/","title":{"rendered":"Galeries"},"content":{"rendered":"<h2>Galeries<\/h2>\n<h3>Grille classique<\/h3>\n<p>Pr\u00e9sentation sobre des \u0153uvres en grille.<\/p>\n<h3>Galerie Masonry<\/h3>\n<p>Disposition dynamique type galerie contemporaine.<\/p>\n<h3>Galerie immersive<\/h3>\n<p>Exp\u00e9rience visuelle plein \u00e9cran.<\/p>\n","protected":false},"excerpt":{"rendered":"<p>Galeries Grille classique Pr\u00e9sentation sobre des \u0153uvres en grille. Galerie Masonry Disposition dynamique type galerie contemporaine. Galerie immersive Exp\u00e9rience visuelle plein \u00e9cran.<\/p>\n","protected":false},"author":1,"featured_media":0,"parent":0,"menu_order":0,"comment_status":"closed","ping_status":"closed","template":"","meta":{"footnotes":""},"class_list":["post-311","page","type-page","status-publish","hentry"],"_links":{"self":[{"href":"https:\/\/hervebouhnik.com\/index.php\/wp-json\/wp\/v2\/pages\/311","targetHints":{"allow":["GET"]}}],"collection":[{"href":"https:\/\/hervebouhnik.com\/index.php\/wp-json\/wp\/v2\/pages"}],"about":[{"href":"https:\/\/hervebouhnik.com\/index.php\/wp-json\/wp\/v2\/types\/page"}],"author":[{"embeddable":true,"href":"https:\/\/hervebouhnik.com\/index.php\/wp-json\/wp\/v2\/users\/1"}],"replies":[{"embeddable":true,"href":"https:\/\/hervebouhnik.com\/index.php\/wp-json\/wp\/v2\/comments?post=311"}],"version-history":[{"count":0,"href":"https:\/\/hervebouhnik.com\/index.php\/wp-json\/wp\/v2\/pages\/311\/revisions"}],"wp:attachment":[{"href":"https:\/\/hervebouhnik.com\/index.php\/wp-json\/wp\/v2\/media?parent=311"}],"curies":[{"name":"wp","href":"https:\/\/api.w.org\/{rel}","templated":true}]}}