{"id":312,"date":"2026-04-01T12:32:23","date_gmt":"2026-04-01T10:32:23","guid":{"rendered":"https:\/\/hervebouhnik.com\/index.php\/blog\/"},"modified":"2026-04-01T12:32:23","modified_gmt":"2026-04-01T10:32:23","slug":"blog","status":"publish","type":"page","link":"https:\/\/hervebouhnik.com\/index.php\/blog\/","title":{"rendered":"Blog"},"content":{"rendered":"<h2>Actualit\u00e9s<\/h2>\n<p>Articles, r\u00e9flexions et projets r\u00e9cents.<\/p>\n","protected":false},"excerpt":{"rendered":"<p>Actualit\u00e9s Articles, r\u00e9flexions et projets r\u00e9cents.<\/p>\n","protected":false},"author":1,"featured_media":0,"parent":0,"menu_order":0,"comment_status":"closed","ping_status":"closed","template":"","meta":{"footnotes":""},"class_list":["post-312","page","type-page","status-publish","hentry"],"_links":{"self":[{"href":"https:\/\/hervebouhnik.com\/index.php\/wp-json\/wp\/v2\/pages\/312","targetHints":{"allow":["GET"]}}],"collection":[{"href":"https:\/\/hervebouhnik.com\/index.php\/wp-json\/wp\/v2\/pages"}],"about":[{"href":"https:\/\/hervebouhnik.com\/index.php\/wp-json\/wp\/v2\/types\/page"}],"author":[{"embeddable":true,"href":"https:\/\/hervebouhnik.com\/index.php\/wp-json\/wp\/v2\/users\/1"}],"replies":[{"embeddable":true,"href":"https:\/\/hervebouhnik.com\/index.php\/wp-json\/wp\/v2\/comments?post=312"}],"version-history":[{"count":0,"href":"https:\/\/hervebouhnik.com\/index.php\/wp-json\/wp\/v2\/pages\/312\/revisions"}],"wp:attachment":[{"href":"https:\/\/hervebouhnik.com\/index.php\/wp-json\/wp\/v2\/media?parent=312"}],"curies":[{"name":"wp","href":"https:\/\/api.w.org\/{rel}","templated":true}]}}