{"id":568,"date":"2026-04-19T15:11:00","date_gmt":"2026-04-19T13:11:00","guid":{"rendered":"https:\/\/hervebouhnik.com\/?page_id=102"},"modified":"2026-04-19T16:40:36","modified_gmt":"2026-04-19T14:40:36","slug":"a-propos","status":"publish","type":"page","link":"https:\/\/hervebouhnik.com\/index.php\/a-propos\/","title":{"rendered":"A propos"},"content":{"rendered":"\n<figure class=\"wp-block-image size-medium\"><img decoding=\"async\" src=\"https:\/\/hervebouhnik.com\/wp-content\/uploads\/2026\/04\/photo-profil-256x300.png\" alt=\"\" class=\"wp-image-600\"\/><\/figure>\n\n\n<h2>Herv\u00e9 Bouhnik, artiste peintre<\/h2>\n<p>Herv\u00e9 Bouhnik a initi\u00e9 sa formation artistique \u00e0 la Parsons School of Design lors d&rsquo;un s\u00e9jour \u00e0 New York durant l&rsquo;\u00e9t\u00e9 1985. Il a poursuivi son apprentissage aupr\u00e8s d\u2019\u00e9coles et d\u2019ateliers en France, notamment aux Ateliers de Paris en 1987, puis en Isra\u00ebl pendant pr\u00e8s de 25 ans \u00e0 l\u2019Institut Avni de Tel-Aviv, au Studio de Ra&rsquo;ananna et aux ateliers du Mus\u00e9e de Tel-Aviv.<\/p>\n<p>De retour en France depuis plusieurs ann\u00e9es, il travaille aujourd\u2019hui \u00e0 l\u2019atelier Lezard&#8217;tists \u00e0 Paris.<\/p>\n<p>Son \u0153uvre explore le langage de l\u2019abstraction comme espace de r\u00e9sonance int\u00e9rieure. Il recherche un \u00e9quilibre entre structure et spontan\u00e9it\u00e9, tension et silence, en interrogeant les fronti\u00e8res entre figuration et abstraction, paysage et espace mental, mati\u00e8re picturale et lumi\u00e8re int\u00e9rieure.<\/p>\n<p><strong>\u00ab La peinture n\u2019est pas un loisir, elle est une t\u00e2che qui s\u2019impose \u00e0 l\u2019artiste. Elle est le r\u00e9sultat d\u2019une pulsion int\u00e9rieure \u00e0 laquelle on ne peut se d\u00e9rober. \u00bb<\/strong><\/p>\n\n\n<figure class=\"wp-block-image size-full\"><img decoding=\"async\" src=\"https:\/\/hervebouhnik.com\/wp-content\/uploads\/2026\/04\/atelier-la-plage.jpg\" alt=\"S\u00e9ance de travail \u00e0 l'atelier \" class=\"wp-image-602\"\/><\/figure>\n","protected":false},"excerpt":{"rendered":"<p>Herv\u00e9 Bouhnik, artiste peintre Herv\u00e9 Bouhnik a initi\u00e9 sa formation artistique \u00e0 la Parsons School of Design lors d&rsquo;un s\u00e9jour \u00e0 New York durant l&rsquo;\u00e9t\u00e9 1985. Il a&#8230;<\/p>\n","protected":false},"author":1,"featured_media":0,"parent":0,"menu_order":1,"comment_status":"closed","ping_status":"closed","template":"","meta":{"footnotes":""},"class_list":["post-568","page","type-page","status-publish","hentry"],"_links":{"self":[{"href":"https:\/\/hervebouhnik.com\/index.php\/wp-json\/wp\/v2\/pages\/568","targetHints":{"allow":["GET"]}}],"collection":[{"href":"https:\/\/hervebouhnik.com\/index.php\/wp-json\/wp\/v2\/pages"}],"about":[{"href":"https:\/\/hervebouhnik.com\/index.php\/wp-json\/wp\/v2\/types\/page"}],"author":[{"embeddable":true,"href":"https:\/\/hervebouhnik.com\/index.php\/wp-json\/wp\/v2\/users\/1"}],"replies":[{"embeddable":true,"href":"https:\/\/hervebouhnik.com\/index.php\/wp-json\/wp\/v2\/comments?post=568"}],"version-history":[{"count":5,"href":"https:\/\/hervebouhnik.com\/index.php\/wp-json\/wp\/v2\/pages\/568\/revisions"}],"predecessor-version":[{"id":608,"href":"https:\/\/hervebouhnik.com\/index.php\/wp-json\/wp\/v2\/pages\/568\/revisions\/608"}],"wp:attachment":[{"href":"https:\/\/hervebouhnik.com\/index.php\/wp-json\/wp\/v2\/media?parent=568"}],"curies":[{"name":"wp","href":"https:\/\/api.w.org\/{rel}","templated":true}]}}